{"id":10,"date":"2024-07-26T19:26:24","date_gmt":"2024-07-26T22:26:24","guid":{"rendered":"http:\/\/mairi.ufba.br\/?page_id=10"},"modified":"2025-07-30T01:18:48","modified_gmt":"2025-07-30T04:18:48","slug":"videos-manuais","status":"publish","type":"page","link":"https:\/\/mailx.ufba.br\/?page_id=10","title":{"rendered":"Manuais em v\u00eddeo"},"content":{"rendered":"\r\n<div class=\"is-layout-flow wp-block-group-is-layout-flow\" style=\"background-color: #005b93; padding: 30px 20px; text-align: center; color: #fff; font-family: Arial, sans-serif;\"><div class=\"wp-block-group__inner-container\">\r\n<h1 style=\"margin: 0; font-size: 1.8rem; font-weight: bold; text-transform: uppercase; letter-spacing: 2px;\">Tutorial de Email: Design Cl\u00e1ssico e Moderno<\/h1>\r\n<\/div><\/div>\r\n\r\n\r\n\r\n<div class=\"is-layout-flow wp-block-group-is-layout-flow\" style=\"margin: 40px 0; border-top: 2px solid #ccc; padding-top: 20px; font-family: 'Segoe UI', Tahoma, Geneva, Verdana, sans-serif; max-width: 900px; margin-left: auto; margin-right: auto;\"><div class=\"wp-block-group__inner-container\"><!-- ==== NOVA SE\u00c7\u00c3O: ALTERANDO O MODELO ==== -->\r\n<section style=\"margin-bottom: 50px;\">\r\n<h2 style=\"color: #005b93; font-weight: bold; font-size: 1.8rem; border-bottom: 3px solid #005b93; padding-bottom: 8px;\">Alterando o Modelo<\/h2>\r\n<article style=\"margin-top: 25px;\">\r\n<p style=\"font-size: 1rem; color: #444;\">Este v\u00eddeo mostra onde e como alterar o modelo do email para personalizar o seu uso.<\/p>\r\n<div style=\"position: relative; padding-bottom: 56.25%; height: 0; overflow: hidden; border-radius: 8px; box-shadow: 0 2px 8px rgba(0,0,0,0.1); margin-top: 15px;\">\r\n<p><iframe loading=\"lazy\" title=\"Como alterar modelo do ambiente de email\" width=\"1170\" height=\"658\" src=\"https:\/\/www.youtube.com\/embed\/ijta9u7j69Y?feature=oembed\" frameborder=\"0\" allow=\"accelerometer; autoplay; clipboard-write; encrypted-media; gyroscope; picture-in-picture; web-share\" referrerpolicy=\"strict-origin-when-cross-origin\" allowfullscreen><\/iframe><\/p>\r\n<\/div>\r\n<\/article>\r\n<\/section>\r\n<!-- ==== DESIGN CL\u00c1SSICO ==== -->\r\n<section style=\"margin-bottom: 50px;\">\r\n<h2 style=\"color: #005b93; border-bottom: 3px solid #005b93; padding-bottom: 8px; font-weight: bold; font-size: 1.8rem;\">Design Cl\u00e1ssico<\/h2>\r\n<article style=\"margin-top: 25px;\">\r\n<h3 style=\"color: #222; font-weight: bold;\">1. Introdu\u00e7\u00e3o a interface de email<\/h3>\r\n<p style=\"font-size: 1rem; color: #444;\">Este v\u00eddeo tem por objetivo mostrar as partes que comp\u00f5em o ufbam@il.<\/p>\r\n<div style=\"position: relative; padding-bottom: 56.25%; height: 0; overflow: hidden; border-radius: 8px; box-shadow: 0 2px 8px rgba(0,0,0,0.1); margin-top: 15px;\"><iframe style=\"position: absolute; top: 0; left: 0; width: 100%; height: 100%; border: none;\" src=\"https:\/\/www.youtube.com\/embed\/IuL7UJajqN4?si=KkXeM41xExfWKmDC\" allowfullscreen=\"allowfullscreen\"><\/iframe><\/div>\r\n<\/article>\r\n<article style=\"margin-top: 40px;\">\r\n<h3 style=\"color: #222; font-weight: bold;\">2. Verificando sua Caixa de Entrada<\/h3>\r\n<p style=\"font-size: 1rem; color: #444;\">Ser\u00e1 mostrado como verificar a caixa de entrada e alterar algumas configura\u00e7\u00f5es dela.<\/p>\r\n<div style=\"position: relative; padding-bottom: 56.25%; height: 0; overflow: hidden; border-radius: 8px; box-shadow: 0 2px 8px rgba(0,0,0,0.1); margin-top: 15px;\"><iframe style=\"position: absolute; top: 0; left: 0; width: 100%; height: 100%; border: none;\" src=\"https:\/\/www.youtube.com\/embed\/TYq6ovZXEkY?si=SY-032Pbn752Zl5E\" allowfullscreen=\"allowfullscreen\"><\/iframe><\/div>\r\n<\/article>\r\n<article style=\"margin-top: 40px;\">\r\n<h3 style=\"color: #222; font-weight: bold;\">3. Enviando E-mail e Imprimindo Mensagem<\/h3>\r\n<p style=\"font-size: 1rem; color: #444;\">Ser\u00e1 mostrado como enviar um novo email.<\/p>\r\n<div style=\"position: relative; padding-bottom: 56.25%; height: 0; overflow: hidden; border-radius: 8px; box-shadow: 0 2px 8px rgba(0,0,0,0.1); margin-top: 15px;\"><iframe style=\"position: absolute; top: 0; left: 0; width: 100%; height: 100%; border: none;\" src=\"https:\/\/www.youtube.com\/embed\/Qs9-weCkFzM?si=K2tMhPJ9cp9VOm2i\" allowfullscreen=\"allowfullscreen\"><\/iframe><\/div>\r\n<\/article>\r\n<article style=\"margin-top: 40px;\">\r\n<h3 style=\"color: #222; font-weight: bold;\">6. Criando Assinaturas<\/h3>\r\n<p style=\"font-size: 1rem; color: #444;\">Como personalizar uma assinatura para seus e-mails.<\/p>\r\n<div style=\"position: relative; padding-bottom: 56.25%; height: 0; overflow: hidden; border-radius: 8px; box-shadow: 0 2px 8px rgba(0,0,0,0.1); margin-top: 15px;\"><iframe style=\"position: absolute; top: 0; left: 0; width: 100%; height: 100%; border: none;\" src=\"https:\/\/www.youtube.com\/embed\/imMpcJ49FXE?si=2Lp2-LLgMpukP2YF\" allowfullscreen=\"allowfullscreen\"><\/iframe><\/div>\r\n<\/article>\r\n<\/section>\r\n<!-- ==== DESIGN MODERNO ==== -->\r\n<section style=\"margin-top: 60px; padding-top: 40px; border-top: 3px solid #005b93;\">\r\n<h2 style=\"color: #005b93; font-weight: bold; font-size: 1.8rem; border-bottom: 3px solid #005b93; padding-bottom: 8px;\">Design Moderno (V\u00eddeos a adicionar)<\/h2>\r\n<article style=\"margin-top: 25px;\">\r\n<h3 style=\"color: #222; font-weight: bold;\">2. Verificando sua Caixa de Entrada<\/h3>\r\n<p><iframe loading=\"lazy\" title=\"Apresenta\u00e7\u00e3o da interface moderna\" width=\"1170\" height=\"658\" src=\"https:\/\/www.youtube.com\/embed\/HopSOsxsAoY?feature=oembed\" frameborder=\"0\" allow=\"accelerometer; autoplay; clipboard-write; encrypted-media; gyroscope; picture-in-picture; web-share\" referrerpolicy=\"strict-origin-when-cross-origin\" allowfullscreen><\/iframe><\/p>\r\n<\/article>\r\n<article style=\"margin-top: 25px;\">\r\n<h3 style=\"color: #222; font-weight: bold;\">3. Enviando E-mail e Imprimindo Mensagem<\/h3>\r\n<p><iframe loading=\"lazy\" title=\"como enviar e imprimir email\" width=\"1170\" height=\"658\" src=\"https:\/\/www.youtube.com\/embed\/6YeU_m15ltQ?feature=oembed\" frameborder=\"0\" allow=\"accelerometer; autoplay; clipboard-write; encrypted-media; gyroscope; picture-in-picture; web-share\" referrerpolicy=\"strict-origin-when-cross-origin\" allowfullscreen><\/iframe><\/p>\r\n<\/article>\r\n<article style=\"margin-top: 25px;\">\r\n<h3 style=\"color: #222; font-weight: bold;\">6. Criando Assinaturas<\/h3>\r\n<p><iframe loading=\"lazy\" title=\"configurando assinatura de email\" width=\"1170\" height=\"658\" src=\"https:\/\/www.youtube.com\/embed\/3lCFTKU1O5Q?feature=oembed\" frameborder=\"0\" allow=\"accelerometer; autoplay; clipboard-write; encrypted-media; gyroscope; picture-in-picture; web-share\" referrerpolicy=\"strict-origin-when-cross-origin\" allowfullscreen><\/iframe><\/p>\r\n<\/article>\r\n<\/section>\r\n<\/div><\/div>\r\n\r\n<p>&nbsp;<\/p>","protected":false},"excerpt":{"rendered":"<p>Tutorial de Email: Design Cl\u00e1ssico e Moderno Alterando o Modelo Este v\u00eddeo mostra onde e como alterar o modelo do email para personalizar o seu uso. Design Cl\u00e1ssico 1. Introdu\u00e7\u00e3o a interface de email Este v\u00eddeo tem por objetivo mostrar as partes que comp\u00f5em o ufbam@il. 2. Verificando sua Caixa de Entrada Ser\u00e1 mostrado como [&hellip;]<\/p>\n","protected":false},"author":1,"featured_media":0,"parent":0,"menu_order":0,"comment_status":"closed","ping_status":"closed","template":"","meta":{"footnotes":""},"class_list":["post-10","page","type-page","status-publish","hentry"],"_links":{"self":[{"href":"https:\/\/mailx.ufba.br\/index.php?rest_route=\/wp\/v2\/pages\/10","targetHints":{"allow":["GET"]}}],"collection":[{"href":"https:\/\/mailx.ufba.br\/index.php?rest_route=\/wp\/v2\/pages"}],"about":[{"href":"https:\/\/mailx.ufba.br\/index.php?rest_route=\/wp\/v2\/types\/page"}],"author":[{"embeddable":true,"href":"https:\/\/mailx.ufba.br\/index.php?rest_route=\/wp\/v2\/users\/1"}],"replies":[{"embeddable":true,"href":"https:\/\/mailx.ufba.br\/index.php?rest_route=%2Fwp%2Fv2%2Fcomments&post=10"}],"version-history":[{"count":28,"href":"https:\/\/mailx.ufba.br\/index.php?rest_route=\/wp\/v2\/pages\/10\/revisions"}],"predecessor-version":[{"id":892,"href":"https:\/\/mailx.ufba.br\/index.php?rest_route=\/wp\/v2\/pages\/10\/revisions\/892"}],"wp:attachment":[{"href":"https:\/\/mailx.ufba.br\/index.php?rest_route=%2Fwp%2Fv2%2Fmedia&parent=10"}],"curies":[{"name":"wp","href":"https:\/\/api.w.org\/{rel}","templated":true}]}}