{"id":16,"date":"2024-07-26T19:39:25","date_gmt":"2024-07-26T22:39:25","guid":{"rendered":"http:\/\/mairi.ufba.br\/?page_id=16"},"modified":"2025-07-28T00:04:43","modified_gmt":"2025-07-28T03:04:43","slug":"conheca-o-ufbainbox","status":"publish","type":"page","link":"https:\/\/mailx.ufba.br\/?page_id=16","title":{"rendered":"Conhe\u00e7a o UFBAm@il"},"content":{"rendered":"<div class=\"wp-block-column\" style=\"flex-basis: 100%;\">\n<p><strong class=\"texto-secao\">Perguntas Frequentes<\/strong><\/p>\n<\/div>\n<p>Encontre respostas r\u00e1pidas para as d\u00favidas mais comuns dos usu\u00e1rios do UFBAMail.<br \/>\n\u2192 <a href=\"\/?page_id=63\">Acessar a p\u00e1gina de Perguntas Frequentes<\/a><\/p>\n<p id=\"2\" class=\"texto-secao\" style=\"margin-top: var(--wp--preset--spacing--60);\"><strong>Iniciando no Webmail<\/strong><\/p>\n<p>Um guia para o primeiro acesso e as configura\u00e7\u00f5es iniciais para come\u00e7ar a usar seu e-mail.<br \/>\n\u2192 <a href=\"\/?page_id=66\">Acessar a p\u00e1gina Iniciando no Webmail<\/a><\/p>\n<p id=\"3\" class=\"texto-secao\" style=\"margin-top: var(--wp--preset--spacing--60);\"><strong>Usando o Cliente Web<\/strong><\/p>\n<p>Aprenda a navegar e utilizar todas as funcionalidades da interface web do UFBAMail.<br \/>\n\u2192 <a href=\"\/?page_id=69\">Acessar a p\u00e1gina Usando o Cliente Web<\/a><\/p>\n<p id=\"4\" class=\"texto-secao\" style=\"margin-top: var(--wp--preset--spacing--60);\"><strong>Seu E-mail<\/strong><\/p>\n<p>Descubra como gerenciar suas mensagens, pastas e configura\u00e7\u00f5es de e-mail.<br \/>\n\u2192 <a href=\"\/?page_id=72\">Acessar a p\u00e1gina Seu E-mail<\/a><\/p>\n<p id=\"5\" class=\"texto-secao\" style=\"margin-top: var(--wp--preset--spacing--60);\"><strong>Lista de Endere\u00e7os<\/strong><\/p>\n<p>Saiba como criar, editar e gerenciar sua lista de contatos pessoal.<br \/>\n\u2192 <a href=\"\/?page_id=75\">Acessar a p\u00e1gina Lista de Endere\u00e7os<\/a><\/p>\n<p id=\"6\" class=\"texto-secao\" style=\"margin-top: var(--wp--preset--spacing--60);\"><strong>Sua agenda<\/strong><\/p>\n<p>Utilize a ferramenta de agenda para organizar seus compromissos e eventos.<br \/>\n\u2192 <a href=\"\/?page_id=78\">Acessar a p\u00e1gina Sua agenda<\/a><\/p>\n<p id=\"7\" class=\"texto-secao\" style=\"margin-top: var(--wp--preset--spacing--60);\"><strong>Buscando Itens<\/strong><\/p>\n<p>Aprenda a usar a ferramenta de busca para encontrar e-mails e contatos rapidamente.<br \/>\n\u2192 <a href=\"\/?page_id=81\">Acessar a p\u00e1gina Buscando Itens<\/a><\/p>\n<p id=\"8\" class=\"texto-secao\" style=\"margin-top: var(--wp--preset--spacing--60);\"><strong>Usando Marcadores<\/strong><\/p>\n<p>Organize seus e-mails de forma eficiente utilizando marcadores (tags) coloridos.<br \/>\n\u2192 <a href=\"\/?page_id=84\">Acessar a p\u00e1gina Usando Marcadores<\/a><\/p>\n<p id=\"9\" class=\"texto-secao\" style=\"margin-top: var(--wp--preset--spacing--60);\"><strong>Porta-Arquivos<\/strong><\/p>\n<p>Saiba como usar o Porta-Arquivos para armazenar e compartilhar arquivos.<br \/>\n\u2192 <a href=\"\/?page_id=90\">Acessar a p\u00e1gina Porta-Arquivos<\/a><\/p>\n","protected":false},"excerpt":{"rendered":"<p>Perguntas Frequentes Encontre respostas r\u00e1pidas para as d\u00favidas mais comuns dos usu\u00e1rios do UFBAMail. \u2192 Acessar a p\u00e1gina de Perguntas Frequentes Iniciando no Webmail Um guia para o primeiro acesso e as configura\u00e7\u00f5es iniciais para come\u00e7ar a usar seu e-mail. \u2192 Acessar a p\u00e1gina Iniciando no Webmail Usando o Cliente Web Aprenda a navegar e [&hellip;]<\/p>\n","protected":false},"author":1,"featured_media":0,"parent":0,"menu_order":0,"comment_status":"closed","ping_status":"closed","template":"","meta":{"footnotes":""},"class_list":["post-16","page","type-page","status-publish","hentry"],"_links":{"self":[{"href":"https:\/\/mailx.ufba.br\/index.php?rest_route=\/wp\/v2\/pages\/16","targetHints":{"allow":["GET"]}}],"collection":[{"href":"https:\/\/mailx.ufba.br\/index.php?rest_route=\/wp\/v2\/pages"}],"about":[{"href":"https:\/\/mailx.ufba.br\/index.php?rest_route=\/wp\/v2\/types\/page"}],"author":[{"embeddable":true,"href":"https:\/\/mailx.ufba.br\/index.php?rest_route=\/wp\/v2\/users\/1"}],"replies":[{"embeddable":true,"href":"https:\/\/mailx.ufba.br\/index.php?rest_route=%2Fwp%2Fv2%2Fcomments&post=16"}],"version-history":[{"count":26,"href":"https:\/\/mailx.ufba.br\/index.php?rest_route=\/wp\/v2\/pages\/16\/revisions"}],"predecessor-version":[{"id":854,"href":"https:\/\/mailx.ufba.br\/index.php?rest_route=\/wp\/v2\/pages\/16\/revisions\/854"}],"wp:attachment":[{"href":"https:\/\/mailx.ufba.br\/index.php?rest_route=%2Fwp%2Fv2%2Fmedia&parent=16"}],"curies":[{"name":"wp","href":"https:\/\/api.w.org\/{rel}","templated":true}]}}