{"id":51,"date":"2024-07-26T22:14:21","date_gmt":"2024-07-27T01:14:21","guid":{"rendered":"http:\/\/mairi.ufba.br\/?page_id=51"},"modified":"2024-07-29T14:36:06","modified_gmt":"2024-07-29T17:36:06","slug":"dicas","status":"publish","type":"page","link":"https:\/\/mailx.ufba.br\/?page_id=51","title":{"rendered":"Dicas"},"content":{"rendered":"\n<ul class=\"wp-block-list\">\n<li>N\u00e3o utilize senhas f\u00e1ceis de serem descobertas, que contenham seu nome ou de parentes, datas de anivers\u00e1rio, n\u00fameros de telefone, etc. Utilize senhas contendo pelo menos 6 caracteres, e d\u00ea prefer\u00eancia a sequ\u00eancias que misturam letras, n\u00fameros e at\u00e9 mesmo s\u00edmbolos especiais, como\u00a0<strong>@<\/strong>,\u00a0<strong>#<\/strong>\u00a0e\u00a0<strong>$<\/strong>.<\/li>\n\n\n\n<li>Ao elaborar a sua senha, evite utilizar sequ\u00eancias de caracteres conhecidas, como &#8220;qwerty&#8221;, &#8220;abcde&#8221;, &#8220;123456&#8221;, &#8220;abc123&#8221;, &#8220;1qaz2wsx&#8221;, &#8220;QwerTAsdfG&#8221;, etc., pois elas s\u00e3o bastante conhecidas pelos atacantes e podem ser facilmente observadas ao serem digitadas.Uma boa dica \u00e9 formar senhas a partir das letras iniciais de uma frase secreta, acrescentando n\u00fameros e s\u00edmbolos.<\/li>\n<\/ul>\n","protected":false},"excerpt":{"rendered":"","protected":false},"author":1,"featured_media":0,"parent":0,"menu_order":0,"comment_status":"closed","ping_status":"closed","template":"","meta":{"footnotes":""},"class_list":["post-51","page","type-page","status-publish","hentry"],"_links":{"self":[{"href":"https:\/\/mailx.ufba.br\/index.php?rest_route=\/wp\/v2\/pages\/51","targetHints":{"allow":["GET"]}}],"collection":[{"href":"https:\/\/mailx.ufba.br\/index.php?rest_route=\/wp\/v2\/pages"}],"about":[{"href":"https:\/\/mailx.ufba.br\/index.php?rest_route=\/wp\/v2\/types\/page"}],"author":[{"embeddable":true,"href":"https:\/\/mailx.ufba.br\/index.php?rest_route=\/wp\/v2\/users\/1"}],"replies":[{"embeddable":true,"href":"https:\/\/mailx.ufba.br\/index.php?rest_route=%2Fwp%2Fv2%2Fcomments&post=51"}],"version-history":[{"count":4,"href":"https:\/\/mailx.ufba.br\/index.php?rest_route=\/wp\/v2\/pages\/51\/revisions"}],"predecessor-version":[{"id":111,"href":"https:\/\/mailx.ufba.br\/index.php?rest_route=\/wp\/v2\/pages\/51\/revisions\/111"}],"wp:attachment":[{"href":"https:\/\/mailx.ufba.br\/index.php?rest_route=%2Fwp%2Fv2%2Fmedia&parent=51"}],"curies":[{"name":"wp","href":"https:\/\/api.w.org\/{rel}","templated":true}]}}