{"id":72,"date":"2024-07-26T22:27:57","date_gmt":"2024-07-27T01:27:57","guid":{"rendered":"http:\/\/mairi.ufba.br\/?page_id=72"},"modified":"2025-07-27T23:58:00","modified_gmt":"2025-07-28T02:58:00","slug":"administrando-seu-e-mail","status":"publish","type":"page","link":"https:\/\/mailx.ufba.br\/?page_id=72","title":{"rendered":"Administrando seu E-mail"},"content":{"rendered":"<div>\u00a0<\/div>\r\n<div>\r\n<p class=\"texto-secao\"><strong>VISUALIZA\u00c7\u00c3O DAS MENSAGENS<\/strong><\/p>\r\n<\/div>\r\n<!-- \/wp:post-content -->\r\n\r\n<!-- wp:paragraph -->\r\n<p>A visualiza\u00e7\u00e3o tradicional das mensagens exibe uma lista com as mensagens mais recentes primeiro. As mensagens n\u00e3o lidas s\u00e3o exibidas em negrito. A informa\u00e7\u00e3o exibida na linha da mensagem inclui: sinalizadores, marcadores, remetente, presen\u00e7a de anexo, assunto, pasta, tamanho da mensagem e a data que a mensagem foi recebida.<\/p>\r\n<!-- \/wp:paragraph -->\r\n\r\n<!-- wp:paragraph -->\r\n<p>Para ler uma mensagem na visualiza\u00e7\u00e3o por mensagens d\u00ea um clique na mensagem. O corpo da mensagem aparece no painel inferior. Caso n\u00e3o apare\u00e7a, d\u00ea um duplo clique na mensagem na lista de mensagens.<\/p>\r\n<!-- \/wp:paragraph -->\r\n\r\n<!-- wp:paragraph -->\r\n<p id=\"2\" class=\"texto-secao\"><strong>CATEGORIZANDO MENSAGENS DE EMAIL<\/strong><\/p>\r\n<!-- \/wp:paragraph -->\r\n\r\n<!-- wp:paragraph -->\r\n<p>Al\u00e9m da visualiza\u00e7\u00e3o de e-mails, o Cliente Web oferece v\u00e1rios outros m\u00e9todos para categorizar mensagens de e-mail. Podemos usar isto juntamente com a Busca para localizar as mensagens mais rapidamente.<\/p>\r\n<!-- \/wp:paragraph -->\r\n\r\n<!-- wp:list -->\r\n<ul class=\"wp-block-list\"><!-- wp:list-item -->\r\n<li><strong>Pastas.<\/strong>\u00a0<!-- wp:list -->\r\n<ul class=\"wp-block-list\"><!-- wp:list-item -->\r\n<li>Podemos criar pastas para organizar as mensagens e podemos mover e-mails de uma pasta para outra. Para criar uma nova pasta, clique com o bot\u00e3o direito em mouse acima de Caixa de Entrada e digite o nome da nova pasta.<\/li>\r\n<!-- \/wp:list-item --><\/ul>\r\n<!-- \/wp:list --><\/li>\r\n<!-- \/wp:list-item --><\/ul>\r\n<!-- \/wp:list -->\r\n\r\n<!-- wp:paragraph -->\r\n<p>Para mover uma mensagem para a pasta criada, clique com o bot\u00e3o direto na mensagem desejada, selecione a op\u00e7\u00e3o Mover e escolha a pasta criada.<\/p>\r\n<!-- \/wp:paragraph -->\r\n\r\n<!-- wp:paragraph -->\r\n<p id=\"3\" class=\"texto-secao\"><strong>USANDO SUA PASTA DE SPAM<\/strong><\/p>\r\n<!-- \/wp:paragraph -->\r\n\r\n<!-- wp:paragraph -->\r\n<p>A maioria dos e-mails n\u00e3o solicitados, tamb\u00e9m conhecidos como spam ou lixo eletr\u00f4nico, \u00e9 controlada por um filtro de spam antes de essas mensagens chegarem \u00e0 sua Caixa de entrada. E-mails que possivelmente sejam spam s\u00e3o armazenados na pasta Spam ou mesmo exclu\u00eddos. Se n\u00e3o movermos ou excluirmos estas mensagens, elas ser\u00e3o permanentemente exclu\u00eddas ap\u00f3s um n\u00famero de dias determinado pelo seu administrador.<\/p>\r\n<!-- \/wp:paragraph -->\r\n\r\n<!-- wp:paragraph -->\r\n<p>Se encontrarmos uma mensagem de e-mail em sua Caixa de entrada que seja spam, podemos selecion\u00e1-la e clicar em Spam na sua barra de ferramentas. O e-mail \u00e9 movido para sua pasta Spam e o sistema Antispam \u201caprende\u201d que esta \u00e9 uma mensagem n\u00e3o desejada.<\/p>\r\n<!-- \/wp:paragraph -->\r\n\r\n<!-- wp:paragraph -->\r\n<p>Podemos esvaziar sua pasta Spam clicando com o bot\u00e3o direito na pasta e escolhendo Esvaziar pasta Spam.<\/p>\r\n<!-- \/wp:paragraph -->\r\n\r\n<!-- wp:paragraph -->\r\n<p id=\"4\" class=\"texto-secao\"><strong>CHECANDO NOVAS MENSAGENS<\/strong><\/p>\r\n<!-- \/wp:paragraph -->\r\n\r\n<!-- wp:paragraph -->\r\n<p>Novas mensagens s\u00e3o recebidas quando efetuarmos o login, em intervalos de tempo configurados pelo usu\u00e1rio, e quando clicado em E-mail. O intervalo de verifica\u00e7\u00e3o padr\u00e3o \u00e9 a cada 5 minutos.<\/p>\r\n<!-- \/wp:paragraph -->\r\n\r\n<!-- wp:paragraph -->\r\n<p>Para receber novas mensagens imediatamente, clique na aba E-mail. Ir\u00e3o automaticamente para sua Caixa de entrada e uma nova verifica\u00e7\u00e3o de recebimento de mensagem ser\u00e1 executada.<\/p>\r\n<!-- \/wp:paragraph -->\r\n\r\n<!-- wp:paragraph -->\r\n<p id=\"5\" class=\"texto-secao\"><strong>IMPRIMINDO UMA MENSAGEM DE EMAIL<\/strong><\/p>\r\n<!-- \/wp:paragraph -->\r\n\r\n<!-- wp:paragraph -->\r\n<p>Para enviar uma mensagem para impress\u00e3o, selecione a mensagem, e ent\u00e3o clique em A\u00e7\u00f5es. Depois clique em Imprimir A mensagem selecionada aparece em uma janela separada, juntamente com uma janela padr\u00e3o de impress\u00e3o.<\/p>\r\n<!-- \/wp:paragraph -->\r\n\r\n<!-- wp:paragraph -->\r\n<p>Tamb\u00e9m podemos selecionar uma conversa\u00e7\u00e3o inteira para impress\u00e3o. N\u00e3o podemos, entretanto, selecionar mensagens individuais m\u00faltiplas dentro de uma conversa\u00e7\u00e3o para imprimi-las.<\/p>\r\n<!-- \/wp:paragraph -->\r\n\r\n<!-- wp:paragraph -->\r\n<p>N\u00e3o use a fun\u00e7\u00e3o do seu navegador Arquivo &gt; Imprimir. A p\u00e1gina n\u00e3o ficar\u00e1 bem formatada e sua mensagem pode ficar dif\u00edcil de ler.<\/p>\r\n<!-- \/wp:paragraph -->\r\n\r\n<!-- wp:paragraph -->\r\n<p id=\"6\" class=\"texto-secao\"><strong>ADICIONANDO ANEXOS EM SUA MENSAGEM<\/strong><\/p>\r\n<!-- \/wp:paragraph -->\r\n\r\n<!-- wp:paragraph -->\r\n<p>Mensagens de email podem conter anexos. Podemos anexar documentos, planilhas, imagens, slides e outros tipos de arquivos.<\/p>\r\n<!-- \/wp:paragraph -->\r\n\r\n<!-- wp:list {\"ordered\":true} -->\r\n<ol class=\"wp-block-list\"><!-- wp:list-item -->\r\n<li>Clique no campo Nova Mensagem;<\/li>\r\n<!-- \/wp:list-item -->\r\n\r\n<!-- wp:list-item -->\r\n<li>Clique em Anexar;<\/li>\r\n<!-- \/wp:list-item -->\r\n\r\n<!-- wp:list-item -->\r\n<li>Selecione o arquivo anexado e clique em Abrir.<\/li>\r\n<!-- \/wp:list-item --><\/ol>\r\n<!-- \/wp:list -->\r\n\r\n<!-- wp:paragraph -->\r\n<p>Repita os passos acima para adicionar novos arquivos.<\/p>\r\n<!-- \/wp:paragraph -->","protected":false},"excerpt":{"rendered":"<p>\u00a0 VISUALIZA\u00c7\u00c3O DAS MENSAGENS A visualiza\u00e7\u00e3o tradicional das mensagens exibe uma lista com as mensagens mais recentes primeiro. As mensagens n\u00e3o lidas s\u00e3o exibidas em negrito. A informa\u00e7\u00e3o exibida na linha da mensagem inclui: sinalizadores, marcadores, remetente, presen\u00e7a de anexo, assunto, pasta, tamanho da mensagem e a data que a mensagem foi recebida. Para ler [&hellip;]<\/p>\n","protected":false},"author":1,"featured_media":0,"parent":0,"menu_order":0,"comment_status":"closed","ping_status":"closed","template":"","meta":{"footnotes":""},"class_list":["post-72","page","type-page","status-publish","hentry"],"_links":{"self":[{"href":"https:\/\/mailx.ufba.br\/index.php?rest_route=\/wp\/v2\/pages\/72","targetHints":{"allow":["GET"]}}],"collection":[{"href":"https:\/\/mailx.ufba.br\/index.php?rest_route=\/wp\/v2\/pages"}],"about":[{"href":"https:\/\/mailx.ufba.br\/index.php?rest_route=\/wp\/v2\/types\/page"}],"author":[{"embeddable":true,"href":"https:\/\/mailx.ufba.br\/index.php?rest_route=\/wp\/v2\/users\/1"}],"replies":[{"embeddable":true,"href":"https:\/\/mailx.ufba.br\/index.php?rest_route=%2Fwp%2Fv2%2Fcomments&post=72"}],"version-history":[{"count":21,"href":"https:\/\/mailx.ufba.br\/index.php?rest_route=\/wp\/v2\/pages\/72\/revisions"}],"predecessor-version":[{"id":846,"href":"https:\/\/mailx.ufba.br\/index.php?rest_route=\/wp\/v2\/pages\/72\/revisions\/846"}],"wp:attachment":[{"href":"https:\/\/mailx.ufba.br\/index.php?rest_route=%2Fwp%2Fv2%2Fmedia&parent=72"}],"curies":[{"name":"wp","href":"https:\/\/api.w.org\/{rel}","templated":true}]}}