{"id":75,"date":"2024-07-26T22:28:24","date_gmt":"2024-07-27T01:28:24","guid":{"rendered":"http:\/\/mairi.ufba.br\/?page_id=75"},"modified":"2025-07-27T23:58:48","modified_gmt":"2025-07-28T02:58:48","slug":"administrando-sua-lista-de-enderecos","status":"publish","type":"page","link":"https:\/\/mailx.ufba.br\/?page_id=75","title":{"rendered":"Administrando sua Lista de Endere\u00e7os"},"content":{"rendered":"<div>\r\n<div>\u00a0<\/div>\r\n<div>\r\n\r\n<!-- \/wp:post-content --><\/div>\r\n<!-- \/wp:column --><\/div>\r\n<!-- \/wp:columns -->\r\n\r\n<!-- wp:paragraph {\"className\":\"texto-secao\"} -->\r\n<p id=\"1\" class=\"texto-secao\"><strong>ADICIONANDO NOVOS CONTATOS<\/strong><\/p>\r\n<!-- \/wp:paragraph -->\r\n\r\n<!-- wp:paragraph -->\r\n<p>Podemos adicionar contatos a quaisquer de suas listas de endere\u00e7os. Apenas um nome \u00e9 solicitado para criar um contato, ou podemos criar cart\u00f5es detalhados de contatos que incluem nome completo, endere\u00e7os de e-mail do trabalho, de casa e outros endere\u00e7os, n\u00fameros de telefone e observa\u00e7\u00f5es sobre aquele contato. Tamb\u00e9m podemos criar listas de grupos de contatos. Podemos adicionar novos contatos na barra de ferramentas ao clicar na seta do bot\u00e3o Novo.<\/p>\r\n<!-- \/wp:paragraph -->\r\n\r\n<!-- wp:paragraph -->\r\n<p>Os contatos podem ser rapidamente adicionados \u00e0 sua lista de endere\u00e7os quando selecionarmos um endere\u00e7o em uma mensagem de e-mail e clicar com o bot\u00e3o direito para adicionar o endere\u00e7o de e-mail \u00e0 sua Lista de Endere\u00e7os. Al\u00e9m disso, se selecionarmos em Prefer\u00eancias a op\u00e7\u00e3o para Adicionar novos contatos a Contatos que receberam e-mail, quando enviarmos um e-mail para um novo endere\u00e7o, o endere\u00e7o \u00e9 automaticamente adicionado \u00e0 sua lista de Contatos que receberam e-mails.<\/p>\r\n<!-- \/wp:paragraph -->\r\n\r\n<!-- wp:paragraph -->\r\n<p>Se clicarmos com o bot\u00e3o direito no endere\u00e7o, um menu \u00e9 exibido com a op\u00e7\u00e3o Adicionar aos contatos. Clique nesta op\u00e7\u00e3o para incluir o nome na sua lista de Contatos. O formul\u00e1rio dos contatos exibe o nome.<\/p>\r\n<!-- \/wp:paragraph -->\r\n\r\n<!-- wp:paragraph {\"className\":\"texto-secao\"} -->\r\n<p id=\"11\" class=\"texto-secao\"><strong>PARA ADICIONAR UM NOVO CONTATO<\/strong><\/p>\r\n<!-- \/wp:paragraph -->\r\n\r\n<!-- wp:list {\"ordered\":true} -->\r\n<ol class=\"wp-block-list\"><!-- wp:list-item -->\r\n<li>Na barra de ferramentas, clique na seta e selecione Novo &gt; Contato. O formul\u00e1rio de Novo contato \u00e9 exibido.<\/li>\r\n<!-- \/wp:list-item -->\r\n\r\n<!-- wp:list-item -->\r\n<li>Insira as informa\u00e7\u00f5es do contato, incluindo primeiro e \u00faltimo nome, endere\u00e7o de email, cargo, informa\u00e7\u00f5es da empresa, anivers\u00e1rios e observa\u00e7\u00f5es.<\/li>\r\n<!-- \/wp:list-item -->\r\n\r\n<!-- wp:list-item -->\r\n<li>Clique em Salvar.<\/li>\r\n<!-- \/wp:list-item --><\/ol>\r\n<!-- \/wp:list -->\r\n\r\n<!-- wp:paragraph {\"className\":\"texto-secao\"} -->\r\n<p id=\"2\" class=\"texto-secao\"><strong>COMPARTILHANDO SUA LISTA DE ENDERE\u00c7OS<\/strong><\/p>\r\n<!-- \/wp:paragraph -->\r\n\r\n<!-- wp:paragraph -->\r\n<p>Podemos compartilhar qualquer de suas listas de endere\u00e7os com outros. Compartilhar uma lista de endere\u00e7os pode ser \u00fatil se suas listas de endere\u00e7os cont\u00eam categorias espec\u00edficas de contatos e voc\u00ea quer que outros usu\u00e1rios tenham acesso aos nomes. Dependendo do papel que dermos ao benefici\u00e1rio, a lista de contatos compartilhada pode ser apenas visualizada ou pode ter acesso completo a privil\u00e9gios de adicionar, editar e remover nomes.<\/p>\r\n<!-- \/wp:paragraph -->\r\n\r\n<!-- wp:paragraph -->\r\n<p>Podemos compartilhar sua Lista de endere\u00e7os com os seguintes privil\u00e9gios:<\/p>\r\n<!-- \/wp:paragraph -->\r\n\r\n<!-- wp:list -->\r\n<ul class=\"wp-block-list\"><!-- wp:list-item -->\r\n<li><strong>Usu\u00e1rios ou grupos internos.<\/strong>\u00a0Quando selecionamos o tipo de privil\u00e9gios para conceder aos usu\u00e1rios internos.<\/li>\r\n<!-- \/wp:list-item -->\r\n\r\n<!-- wp:list-item -->\r\n<li><strong>Visualizador.<\/strong>\u00a0O benefici\u00e1rio pode ver, mas n\u00e3o pode alterar o conte\u00fado de sua Lista de endere\u00e7os.<\/li>\r\n<!-- \/wp:list-item -->\r\n\r\n<!-- wp:list-item -->\r\n<li><strong>Gerenciador.<\/strong>\u00a0O benefici\u00e1rio tem total permiss\u00e3o para visualizar ou editar contatos, adicionar novos contatos \u00e0 lista de endere\u00e7os e apagar contatos.<\/li>\r\n<!-- \/wp:list-item -->\r\n\r\n<!-- wp:list-item -->\r\n<li><strong>Visitantes externos.<\/strong>\u00a0Quando criamos uma senha para a lista de endere\u00e7os, a qual os visitantes devem inserir para visualizar os contatos. A lista de endere\u00e7os \u00e9 exibida em um arquivo .csv. Os visitantes n\u00e3o podem fazer nenhuma altera\u00e7\u00e3o na lista de endere\u00e7os em sua conta.<\/li>\r\n<!-- \/wp:list-item -->\r\n\r\n<!-- wp:list-item -->\r\n<li><strong>P\u00fablico.<\/strong>\u00a0Qualquer um que tiver a URL da Lista de endere\u00e7os pode visualizar a lista de Contatos. A lista de endere\u00e7os \u00e9 exibida em um arquivo .csv. Eles n\u00e3o podem fazer nenhuma altera\u00e7\u00e3o na lista de endere\u00e7os em sua conta.<\/li>\r\n<!-- \/wp:list-item --><\/ul>\r\n<!-- \/wp:list -->\r\n\r\n<!-- wp:paragraph {\"className\":\"texto-secao\"} -->\r\n<p id=\"21\" class=\"texto-secao\"><strong>PARA COMPARTILHAR SUA LISTA DE ENDERE\u00c7OS COM USU\u00c1RIOS INTERNOS<\/strong><\/p>\r\n<!-- \/wp:paragraph -->\r\n\r\n<!-- wp:list {\"ordered\":true} -->\r\n<ol class=\"wp-block-list\"><!-- wp:list-item -->\r\n<li>Clique com o bot\u00e3o direito na lista de endere\u00e7os a ser compartilhada e selecione Compartilhar lista de endere\u00e7os.<\/li>\r\n<!-- \/wp:list-item -->\r\n\r\n<!-- wp:list-item -->\r\n<li>Na caixa de di\u00e1logo Propriedades do compartilhamento, selecione com quem compartilhar.<\/li>\r\n<!-- \/wp:list-item -->\r\n\r\n<!-- wp:list-item -->\r\n<li>Quando voc\u00ea escolhe Usu\u00e1rios ou grupos internos, voc\u00ea pode escolher endere\u00e7os da lista que s\u00e3o exibidos conforme voc\u00ea digita, ou digitar endere\u00e7os que n\u00e3o est\u00e3o na lista. O usu\u00e1rio ou grupo deve ser um endere\u00e7o v\u00e1lido no servidor de e-mails de sua empresa.<\/li>\r\n<!-- \/wp:list-item -->\r\n\r\n<!-- wp:list-item -->\r\n<li>Na \u00e1rea Papel, selecione as permiss\u00f5es de acesso.<\/li>\r\n<!-- \/wp:list-item -->\r\n\r\n<!-- wp:list-item -->\r\n<li>Na \u00e1rea Mensagem, selecione que tipo de mensagem enviar. As op\u00e7\u00f5es s\u00e3o:<!-- wp:list -->\r\n<ul class=\"wp-block-list\"><!-- wp:list-item -->\r\n<li>Enviar mensagem padr\u00e3o. A mensagem padr\u00e3o de notifica\u00e7\u00e3o de compartilhamento \u00e9 enviada para os endere\u00e7os de e-mail.<\/li>\r\n<!-- \/wp:list-item -->\r\n\r\n<!-- wp:list-item -->\r\n<li>Adicionar observa\u00e7\u00e3o \u00e0 mensagem padr\u00e3o. Voc\u00ea pode adicionar informa\u00e7\u00f5es adicionais \u00e0 mensagem padr\u00e3o.<\/li>\r\n<!-- \/wp:list-item --><\/ul>\r\n<!-- \/wp:list --><\/li>\r\n<!-- \/wp:list-item -->\r\n\r\n<!-- wp:list-item -->\r\n<li>Clique em OK.<\/li>\r\n<!-- \/wp:list-item --><\/ol>\r\n<!-- \/wp:list -->\r\n\r\n<!-- wp:paragraph {\"className\":\"texto-secao\"} -->\r\n<p id=\"22\" class=\"texto-secao\"><strong>PARA COMPARTILHAR SUA LISTA DE ENDERE\u00c7OS COM CONVIDADOS EXTERNOS<\/strong><\/p>\r\n<!-- \/wp:paragraph -->\r\n\r\n<!-- wp:list {\"ordered\":true} -->\r\n<ol class=\"wp-block-list\"><!-- wp:list-item -->\r\n<li>Clique com o bot\u00e3o direito do mouse na lista de endere\u00e7os a ser compartilhada e selecione Compartilhar lista de endere\u00e7os.<\/li>\r\n<!-- \/wp:list-item -->\r\n\r\n<!-- wp:list-item -->\r\n<li>Na caixa de di\u00e1logo Propriedades do compartilhamento, selecione com quem compartilhar.<\/li>\r\n<!-- \/wp:list-item -->\r\n\r\n<!-- wp:list-item -->\r\n<li>Quando voc\u00ea escolher Convidados externos, digite os endere\u00e7os de e-mail do convidado. Voc\u00ea pode inserir mais de um endere\u00e7o no campo E-mail. Coloque um Ponto e V\u00edrgula (;) entre os endere\u00e7os.<\/li>\r\n<!-- \/wp:list-item -->\r\n\r\n<!-- wp:list-item -->\r\n<li>Digite a senha que os usu\u00e1rios devem inserir para visualizar sua Lista de Endere\u00e7os.<\/li>\r\n<!-- \/wp:list-item -->\r\n\r\n<!-- wp:list-item -->\r\n<li>Na \u00e1rea Mensagem, selecione que tipo de mensagem enviar. A URL para sua lista de endere\u00e7os e a senha s\u00e3o inclu\u00eddas na mensagem de e-mail.<!-- wp:list -->\r\n<ul class=\"wp-block-list\"><!-- wp:list-item -->\r\n<li>Enviar mensagem padr\u00e3o. A mensagem padr\u00e3o de notifica\u00e7\u00e3o de compartilhamento \u00e9 enviada para os endere\u00e7os de e-mail.<\/li>\r\n<!-- \/wp:list-item --><\/ul>\r\n<!-- \/wp:list --><\/li>\r\n<!-- \/wp:list-item --><\/ol>\r\n<!-- \/wp:list -->\r\n\r\n<!-- wp:paragraph {\"className\":\"texto-secao\"} -->\r\n<p id=\"23\" class=\"texto-secao\"><strong>PARA COMPARTILHAR SUA LISTA DE ENDERE\u00c7OS COM O P\u00daBLICO<\/strong><\/p>\r\n<!-- \/wp:paragraph -->\r\n\r\n<!-- wp:paragraph -->\r\n<p>Quando escolhemos P\u00fablico, qualquer pessoa que tenha a URL pode acessar sua lista de endere\u00e7os. Nenhuma senha \u00e9 solicitada. Precisaremos divulgar sua URL. Editando ou revogando permiss\u00f5es.<\/p>\r\n<!-- \/wp:paragraph -->\r\n\r\n<!-- wp:paragraph -->\r\n<p>Podemos alterar ou revogar permiss\u00f5es a qualquer momento.<\/p>\r\n<!-- \/wp:paragraph -->\r\n\r\n<!-- wp:list {\"ordered\":true} -->\r\n<ol class=\"wp-block-list\"><!-- wp:list-item -->\r\n<li>Clique com o bot\u00e3o direito em uma lista de endere\u00e7os compartilhada.<\/li>\r\n<!-- \/wp:list-item -->\r\n\r\n<!-- wp:list-item -->\r\n<li>Clique em Editar propriedades. Os usu\u00e1rios que compartilham a lista de endere\u00e7os s\u00e3o listados.<\/li>\r\n<!-- \/wp:list-item -->\r\n\r\n<!-- wp:list-item -->\r\n<li>Clique em Editar para alterar permiss\u00f5es, ou clique em Revogar para remover permiss\u00f5es.<\/li>\r\n<!-- \/wp:list-item -->\r\n\r\n<!-- wp:list-item -->\r\n<li>Selecione uma mensagem descrevendo se a altera\u00e7\u00e3o deve ser enviada por e-mail.<\/li>\r\n<!-- \/wp:list-item -->\r\n\r\n<!-- wp:list-item -->\r\n<li>Clique em OK.<\/li>\r\n<!-- \/wp:list-item --><\/ol>\r\n<!-- \/wp:list -->","protected":false},"excerpt":{"rendered":"<p>\u00a0 ADICIONANDO NOVOS CONTATOS Podemos adicionar contatos a quaisquer de suas listas de endere\u00e7os. Apenas um nome \u00e9 solicitado para criar um contato, ou podemos criar cart\u00f5es detalhados de contatos que incluem nome completo, endere\u00e7os de e-mail do trabalho, de casa e outros endere\u00e7os, n\u00fameros de telefone e observa\u00e7\u00f5es sobre aquele contato. Tamb\u00e9m podemos criar [&hellip;]<\/p>\n","protected":false},"author":1,"featured_media":0,"parent":0,"menu_order":0,"comment_status":"closed","ping_status":"closed","template":"","meta":{"footnotes":""},"class_list":["post-75","page","type-page","status-publish","hentry"],"_links":{"self":[{"href":"https:\/\/mailx.ufba.br\/index.php?rest_route=\/wp\/v2\/pages\/75","targetHints":{"allow":["GET"]}}],"collection":[{"href":"https:\/\/mailx.ufba.br\/index.php?rest_route=\/wp\/v2\/pages"}],"about":[{"href":"https:\/\/mailx.ufba.br\/index.php?rest_route=\/wp\/v2\/types\/page"}],"author":[{"embeddable":true,"href":"https:\/\/mailx.ufba.br\/index.php?rest_route=\/wp\/v2\/users\/1"}],"replies":[{"embeddable":true,"href":"https:\/\/mailx.ufba.br\/index.php?rest_route=%2Fwp%2Fv2%2Fcomments&post=75"}],"version-history":[{"count":8,"href":"https:\/\/mailx.ufba.br\/index.php?rest_route=\/wp\/v2\/pages\/75\/revisions"}],"predecessor-version":[{"id":847,"href":"https:\/\/mailx.ufba.br\/index.php?rest_route=\/wp\/v2\/pages\/75\/revisions\/847"}],"wp:attachment":[{"href":"https:\/\/mailx.ufba.br\/index.php?rest_route=%2Fwp%2Fv2%2Fmedia&parent=75"}],"curies":[{"name":"wp","href":"https:\/\/api.w.org\/{rel}","templated":true}]}}