{"id":84,"date":"2024-07-26T22:29:06","date_gmt":"2024-07-27T01:29:06","guid":{"rendered":"http:\/\/mairi.ufba.br\/?page_id=84"},"modified":"2025-07-28T00:00:54","modified_gmt":"2025-07-28T03:00:54","slug":"usando-marcadores","status":"publish","type":"page","link":"https:\/\/mailx.ufba.br\/?page_id=84","title":{"rendered":"Usando Marcadores"},"content":{"rendered":"\r\n\r\n<p id=\"1\" class=\"texto-secao\"><strong>Criando novos marcadores<\/strong><\/p>\r\n\r\n\r\n\r\n<p>Podemos acessar a fun\u00e7\u00e3o de Novo marcador em qualquer uma das seguintes formas:<\/p>\r\n\r\n\r\n\r\n<ul class=\"wp-block-list\">\r\n<li>Na barra de ferramentas, clique na seta pr\u00f3xima a Novo e escolha Marcador.<\/li>\r\n\r\n\r\n\r\n<li>Selecione Marcador na barra de ferramentas e, ent\u00e3o, Novo marcador.<\/li>\r\n\r\n\r\n\r\n<li>Clique com o bot\u00e3o direito em algum item na lista de mensagens, escolha Marcar Mensagem e ent\u00e3o Novo marcador.<\/li>\r\n\r\n\r\n\r\n<li>Clique com o bot\u00e3o direito em Marcadores ou em algum marcador, no Painel geral, e escolha Novo marcador.<\/li>\r\n<\/ul>\r\n\r\n\r\n\r\n<p id=\"11\" class=\"texto-secao\"><strong>Para aplicar um marcador em um item usando a fun\u00e7\u00e3o arrastar e soltar<\/strong><\/p>\r\n\r\n\r\n\r\n<p>Arraste e solte o marcador da barra de ferramentas do Painel geral at\u00e9 o item no Painel de conte\u00fado.<\/p>\r\n\r\n\r\n\r\n<ol class=\"wp-block-list\">\r\n<li>Clique com o bot\u00e3o direito no item, no Painel de conte\u00fado.<\/li>\r\n\r\n\r\n\r\n<li>Escolha Marcar mensagem (ou Marcar conversa\u00e7\u00e3o ou Marcar contato).<\/li>\r\n\r\n\r\n\r\n<li>Escolha o nome do marcador na lista que aparece. Apenas os marcadores ainda n\u00e3o aplicados ao item selecionado s\u00e3o listados.<\/li>\r\n<\/ol>\r\n\r\n\r\n\r\n<p id=\"12\" class=\"texto-secao\"><strong>Para criar um novo marcador e aplic\u00e1-lo em um item<\/strong><\/p>\r\n\r\n\r\n\r\n<ol class=\"wp-block-list\">\r\n<li>Digite um nome para o marcador e clique em OK.<\/li>\r\n\r\n\r\n\r\n<li>Clique com o bot\u00e3o direito em um item da lista e escolha a op\u00e7\u00e3o de menu Marcador que \u00e9 exibida.<\/li>\r\n\r\n\r\n\r\n<li>Escolha Novo marcador.<\/li>\r\n<\/ol>\r\n\r\n\r\n\r\n<p id=\"14\" class=\"texto-secao\"><strong>Para remover um marcador de um item<\/strong><\/p>\r\n\r\n\r\n\r\n<ol class=\"wp-block-list\">\r\n<li>Clique com o bot\u00e3o direito em um item da lista e escolha a op\u00e7\u00e3o de menu Marcador que \u00e9 exibida.<\/li>\r\n\r\n\r\n\r\n<li>Escolha Remover marcador. Se o item tiver marcadores m\u00faltiplos, podemos escolher por remover um ou todos os marcadores.<\/li>\r\n<\/ol>\r\n\r\n\r\n\r\n<p id=\"15\" class=\"texto-secao\"><strong>Para aplicar\/remover um marcador de itens m\u00faltiplos de uma vez<\/strong><\/p>\r\n\r\n\r\n\r\n<ol class=\"wp-block-list\">\r\n<li>Selecione todos os itens a aplicar um marcador usando o Control ou Shift.<\/li>\r\n\r\n\r\n\r\n<li>Clique com o bot\u00e3o direito sobre qualquer um dos itens selecionados e escolha a op\u00e7\u00e3o de menu Marcador que \u00e9 exibida.<\/li>\r\n\r\n\r\n\r\n<li>Escolha o marcador para aplicar ou remover.<\/li>\r\n<\/ol>\r\n\r\n\r\n\r\n<p id=\"16\" class=\"texto-secao\"><strong>Para encontrar rapidamente mensagens contendo marcadores<\/strong><\/p>\r\n\r\n\r\n\r\n<p>Clique em um marcador no Painel geral. Todas as mensagens contendo marcadores s\u00e3o exibidas no Painel de conte\u00fado.<\/p>\r\n","protected":false},"excerpt":{"rendered":"<p>Criando novos marcadores Podemos acessar a fun\u00e7\u00e3o de Novo marcador em qualquer uma das seguintes formas: Para aplicar um marcador em um item usando a fun\u00e7\u00e3o arrastar e soltar Arraste e solte o marcador da barra de ferramentas do Painel geral at\u00e9 o item no Painel de conte\u00fado. Para criar um novo marcador e aplic\u00e1-lo [&hellip;]<\/p>\n","protected":false},"author":1,"featured_media":0,"parent":0,"menu_order":0,"comment_status":"closed","ping_status":"closed","template":"","meta":{"footnotes":""},"class_list":["post-84","page","type-page","status-publish","hentry"],"_links":{"self":[{"href":"https:\/\/mailx.ufba.br\/index.php?rest_route=\/wp\/v2\/pages\/84","targetHints":{"allow":["GET"]}}],"collection":[{"href":"https:\/\/mailx.ufba.br\/index.php?rest_route=\/wp\/v2\/pages"}],"about":[{"href":"https:\/\/mailx.ufba.br\/index.php?rest_route=\/wp\/v2\/types\/page"}],"author":[{"embeddable":true,"href":"https:\/\/mailx.ufba.br\/index.php?rest_route=\/wp\/v2\/users\/1"}],"replies":[{"embeddable":true,"href":"https:\/\/mailx.ufba.br\/index.php?rest_route=%2Fwp%2Fv2%2Fcomments&post=84"}],"version-history":[{"count":6,"href":"https:\/\/mailx.ufba.br\/index.php?rest_route=\/wp\/v2\/pages\/84\/revisions"}],"predecessor-version":[{"id":849,"href":"https:\/\/mailx.ufba.br\/index.php?rest_route=\/wp\/v2\/pages\/84\/revisions\/849"}],"wp:attachment":[{"href":"https:\/\/mailx.ufba.br\/index.php?rest_route=%2Fwp%2Fv2%2Fmedia&parent=84"}],"curies":[{"name":"wp","href":"https:\/\/api.w.org\/{rel}","templated":true}]}}