{"id":90,"date":"2024-07-26T22:29:34","date_gmt":"2024-07-27T01:29:34","guid":{"rendered":"http:\/\/mairi.ufba.br\/?page_id=90"},"modified":"2025-07-27T23:03:24","modified_gmt":"2025-07-28T02:03:24","slug":"porta-arquivos","status":"publish","type":"page","link":"https:\/\/mailx.ufba.br\/?page_id=90","title":{"rendered":"Porta-Arquivos"},"content":{"rendered":"\r\n<div class=\"wp-block-columns is-layout-flex wp-container-core-columns-is-layout-9d6595d7 wp-block-columns-is-layout-flex\">\r\n<div class=\"wp-block-column is-layout-flow wp-block-column-is-layout-flow\" style=\"flex-basis: 65%;\">\r\n<p id=\"1\" class=\"texto-secao\"><strong>Acessando o porta arquivos<\/strong><\/p>\r\n\r\n\r\n\r\n<p>Para acessar o porta arquivos, clique no item na aba de navega\u00e7\u00e3o.<\/p>\r\n<\/div>\r\n<\/div>\r\n\r\n\r\n\r\n<p id=\"2\" class=\"texto-secao\"><strong>Criando nova pasta<\/strong><\/p>\r\n\r\n\r\n\r\n<ol class=\"wp-block-list\">\r\n<li>Para criar uma nova pasta no porta arquivos, clique no menu novo e selecione Porta-arquivos.<\/li>\r\n\r\n\r\n\r\n<li>Uma nova janela ir\u00e1 abrir, basta colocar o nome desejado para a pasta, selecionar Porta-arquivos e ela estar\u00e1 criada.<\/li>\r\n\r\n\r\n\r\n<li>Pasta\u00a0teste\u00a0criada com sucesso.<\/li>\r\n<\/ol>\r\n\r\n\r\n\r\n<p id=\"3\" class=\"texto-secao\"><strong>Carregando arquivos<\/strong><\/p>\r\n\r\n\r\n\r\n<ol class=\"wp-block-list\">\r\n<li>Para carregar um arquivo, clique em Carregar Arquivo.<\/li>\r\n\r\n\r\n\r\n<li>Clique em Escolher Arquivos.<\/li>\r\n\r\n\r\n\r\n<li>Escolha o(s) arquivo(s) desejado(s) e clique em Abrir.<\/li>\r\n\r\n\r\n\r\n<li>Voltaremos a tela de Escolher arquivos, onde poder\u00e1 ser o visto o arquivo escolhido e realizar o carregamentos de mais arquivos. Caso n\u00e3o tenha mais nenhum arquivo para carregar, clique em OK.<\/li>\r\n\r\n\r\n\r\n<li>Ap\u00f3s o processo anterior, o arquivo j\u00e1 se encontra dispon\u00edvel no porta-arquivos.<\/li>\r\n\r\n\r\n\r\n<li>Para excluir o arquivo, clique com o bot\u00e3o direto e clique novamente em Apagar.<\/li>\r\n<\/ol>\r\n\r\n\r\n\r\n<p>&nbsp;<\/p>\r\n","protected":false},"excerpt":{"rendered":"<p>Acessando o porta arquivos Para acessar o porta arquivos, clique no item na aba de navega\u00e7\u00e3o. Criando nova pasta Carregando arquivos &nbsp;<\/p>\n","protected":false},"author":1,"featured_media":0,"parent":0,"menu_order":0,"comment_status":"closed","ping_status":"closed","template":"","meta":{"footnotes":""},"class_list":["post-90","page","type-page","status-publish","hentry"],"_links":{"self":[{"href":"https:\/\/mailx.ufba.br\/index.php?rest_route=\/wp\/v2\/pages\/90","targetHints":{"allow":["GET"]}}],"collection":[{"href":"https:\/\/mailx.ufba.br\/index.php?rest_route=\/wp\/v2\/pages"}],"about":[{"href":"https:\/\/mailx.ufba.br\/index.php?rest_route=\/wp\/v2\/types\/page"}],"author":[{"embeddable":true,"href":"https:\/\/mailx.ufba.br\/index.php?rest_route=\/wp\/v2\/users\/1"}],"replies":[{"embeddable":true,"href":"https:\/\/mailx.ufba.br\/index.php?rest_route=%2Fwp%2Fv2%2Fcomments&post=90"}],"version-history":[{"count":7,"href":"https:\/\/mailx.ufba.br\/index.php?rest_route=\/wp\/v2\/pages\/90\/revisions"}],"predecessor-version":[{"id":808,"href":"https:\/\/mailx.ufba.br\/index.php?rest_route=\/wp\/v2\/pages\/90\/revisions\/808"}],"wp:attachment":[{"href":"https:\/\/mailx.ufba.br\/index.php?rest_route=%2Fwp%2Fv2%2Fmedia&parent=90"}],"curies":[{"name":"wp","href":"https:\/\/api.w.org\/{rel}","templated":true}]}}