{"id":93,"date":"2024-07-26T22:29:56","date_gmt":"2024-07-27T01:29:56","guid":{"rendered":"http:\/\/mairi.ufba.br\/?page_id=93"},"modified":"2025-07-16T10:46:53","modified_gmt":"2025-07-16T13:46:53","slug":"configurando-cliente-de-e-mail","status":"publish","type":"page","link":"https:\/\/mailx.ufba.br\/?page_id=93","title":{"rendered":"Configurando Cliente de E-mail"},"content":{"rendered":"\r\n<h4>Microsoft Outlook<\/h4>\r\n\r\n\r\n\r\n<ul class=\"wp-block-list\">\r\n<li><a href=\"http:\/\/mairi.ufba.br?page_id=152\" data-type=\"page\" data-id=\"152\">Configurando o UFBAm@il em uma conta existente<\/a><\/li>\r\n\r\n\r\n\r\n<li><a href=\"http:\/\/mairi.ufba.br?page_id=155\" data-type=\"page\" data-id=\"155\">Exporta\u00e7\u00e3o e importa\u00e7\u00e3o dos dados do cliente de e-mail para o UFBAm@il<\/a><\/li>\r\n<\/ul>\r\n\r\n\r\n\r\n<h4>Evolution<\/h4>\r\n\r\n\r\n\r\n<ul class=\"wp-block-list\">\r\n<li><a href=\"http:\/\/mairi.ufba.br?page_id=162\" data-type=\"page\" data-id=\"162\">Configurando o UFBAm@il em uma conta existente<\/a><\/li>\r\n\r\n\r\n\r\n<li><a href=\"http:\/\/mairi.ufba.br?page_id=208\" data-type=\"page\" data-id=\"208\">Configura\u00e7\u00e3o de nova conta de e-mail<\/a><\/li>\r\n\r\n\r\n\r\n<li><a href=\"http:\/\/mairi.ufba.br?page_id=213\" data-type=\"page\" data-id=\"213\">Exporta\u00e7\u00e3o e importa\u00e7\u00e3o dos dados do cliente de e-mail para o UFBAm@il<\/a><\/li>\r\n<\/ul>\r\n\r\n\r\n\r\n<h4>Windows Mail<\/h4>\r\n\r\n\r\n\r\n<ul class=\"wp-block-list\">\r\n<li><a href=\"http:\/\/mairi.ufba.br?page_id=216\" data-type=\"page\" data-id=\"216\">Configurando o UFBAm@il em uma conta existente<\/a><\/li>\r\n\r\n\r\n\r\n<li><a href=\"http:\/\/mairi.ufba.br?page_id=219\" data-type=\"page\" data-id=\"219\">Configura\u00e7\u00e3o de nova conta de e-mail<\/a><\/li>\r\n<\/ul>\r\n\r\n\r\n\r\n<h4>IPAD\/IPHONE<\/h4>\r\n\r\n\r\n\r\n<ul class=\"wp-block-list\">\r\n<li><a href=\"http:\/\/mairi.ufba.br?page_id=222\" data-type=\"page\" data-id=\"222\">Configurando o UFBAm@il em uma conta existente<\/a><\/li>\r\n\r\n\r\n\r\n<li><a href=\"http:\/\/mairi.ufba.br?page_id=225\" data-type=\"page\" data-id=\"225\">Configura\u00e7\u00e3o de nova conta de e-mail<\/a><\/li>\r\n<\/ul>\r\n\r\n\r\n\r\n<h4>MAC<\/h4>\r\n\r\n\r\n\r\n<ul class=\"wp-block-list\">\r\n<li><a href=\"http:\/\/mairi.ufba.br?page_id=228\" data-type=\"page\" data-id=\"228\">Configurando o UFBAm@il em uma conta existente<\/a><\/li>\r\n\r\n\r\n\r\n<li><a href=\"http:\/\/mairi.ufba.br?page_id=231\" data-type=\"page\" data-id=\"231\">Configura\u00e7\u00e3o de nova conta de e-mail<\/a><\/li>\r\n<\/ul>\r\n\r\n\r\n\r\n<h4>Thunderbird<\/h4>\r\n\r\n\r\n\r\n<ul class=\"wp-block-list\">\r\n<li><a href=\"http:\/\/mairi.ufba.br?page_id=237\" data-type=\"page\" data-id=\"237\">Configurando o UFBAm@il em uma conta existente<\/a><\/li>\r\n\r\n\r\n\r\n<li><a href=\"http:\/\/mairi.ufba.br?page_id=258\" data-type=\"page\" data-id=\"258\">Configura\u00e7\u00e3o de nova conta de e-mail<\/a><\/li>\r\n\r\n\r\n\r\n<li><a href=\"http:\/\/mairi.ufba.br?page_id=240\" data-type=\"page\" data-id=\"240\">Exporta\u00e7\u00e3o e importa\u00e7\u00e3o dos contatos do cliente de e-mail para o UFBAm@il<\/a><\/li>\r\n<\/ul>\r\n\r\n\r\n\r\n<h4>Android<\/h4>\r\n\r\n\r\n\r\n<ul class=\"wp-block-list\">\r\n<li><a href=\"http:\/\/mairi.ufba.br?page_id=243\" data-type=\"page\" data-id=\"243\">Criando uma conta de e-mail<\/a><\/li>\r\n<\/ul>\r\n\r\n\r\n\r\n<h4>Gmail<\/h4>\r\n\r\n\r\n\r\n<ul class=\"wp-block-list\">\r\n<li><a href=\"http:\/\/mairi.ufba.br?page_id=246\" data-type=\"page\" data-id=\"246\">Configurando o UFBAm@il em uma conta existente<\/a><\/li>\r\n<\/ul>\r\n\r\n\r\n\r\n<h4>Yahoo<\/h4>\r\n\r\n\r\n\r\n<ul class=\"wp-block-list\">\r\n<li><a href=\"http:\/\/mairi.ufba.br?page_id=249\" data-type=\"page\" data-id=\"249\">Configurando o UFBAm@il em uma conta existente<\/a><\/li>\r\n<\/ul>\r\n","protected":false},"excerpt":{"rendered":"<p>Microsoft Outlook Evolution Windows Mail IPAD\/IPHONE MAC Thunderbird Android Gmail Yahoo<\/p>\n","protected":false},"author":1,"featured_media":0,"parent":0,"menu_order":0,"comment_status":"closed","ping_status":"closed","template":"","meta":{"footnotes":""},"class_list":["post-93","page","type-page","status-publish","hentry"],"_links":{"self":[{"href":"https:\/\/mailx.ufba.br\/index.php?rest_route=\/wp\/v2\/pages\/93","targetHints":{"allow":["GET"]}}],"collection":[{"href":"https:\/\/mailx.ufba.br\/index.php?rest_route=\/wp\/v2\/pages"}],"about":[{"href":"https:\/\/mailx.ufba.br\/index.php?rest_route=\/wp\/v2\/types\/page"}],"author":[{"embeddable":true,"href":"https:\/\/mailx.ufba.br\/index.php?rest_route=\/wp\/v2\/users\/1"}],"replies":[{"embeddable":true,"href":"https:\/\/mailx.ufba.br\/index.php?rest_route=%2Fwp%2Fv2%2Fcomments&post=93"}],"version-history":[{"count":6,"href":"https:\/\/mailx.ufba.br\/index.php?rest_route=\/wp\/v2\/pages\/93\/revisions"}],"predecessor-version":[{"id":783,"href":"https:\/\/mailx.ufba.br\/index.php?rest_route=\/wp\/v2\/pages\/93\/revisions\/783"}],"wp:attachment":[{"href":"https:\/\/mailx.ufba.br\/index.php?rest_route=%2Fwp%2Fv2%2Fmedia&parent=93"}],"curies":[{"name":"wp","href":"https:\/\/api.w.org\/{rel}","templated":true}]}}